{"id":92,"date":"2020-01-25T16:02:57","date_gmt":"2020-01-25T16:02:57","guid":{"rendered":"http:\/\/blog.glasharmonika.org\/?page_id=92"},"modified":"2020-01-25T16:02:57","modified_gmt":"2020-01-25T16:02:57","slug":"vincent-julien-piot","status":"publish","type":"page","link":"https:\/\/glasharmonika.org\/?page_id=92","title":{"rendered":"Vincent Julien Piot"},"content":{"rendered":"\n<figure class=\"wp-block-table\"><table class=\"\"><tbody><tr><td><br>vincent julien piot erhielt seine musikalische und pianistische Ausbildung an der Musikhochschule seiner Geburtsstadt Poitiers, bevor er seine musikalische Ausbildung im Bereich Kammermusik an der Hochschule der K\u00fcnste in Berlin (heute UdK) sowie bei den gro\u00dfartigen Musikp\u00e4dagogen Pierre Sancan, Tatiana Nikolajeva und Peter Feuchtwanger erg\u00e4nzte.Im Laufe der Jahre ist seine Vorliebe f\u00fcr Liederbegleitung und Improvisation immer st\u00e4rker geworden.\u00a0Au\u00dfer Solokonzerten mit Werken von Debussy (2018 war der hunderste Todesjahr des franz\u00f6sischen Komponisten), Programmen mit Franz Schubert, Maurice Ravel oder Philipp Glass sowie zahlreicheLiederabenden gab er 2018 in Berlin auch Improvisationskonzerte mit<a rel=\"noreferrer noopener\" href=\"https:\/\/global-music-school.net\/de\/farhang-moshtagh\/\" target=\"_blank\">\u00a0Farhang Moshtagh<\/a> und Sepehr Lajevardi, wo er persische traditionelle Musik mit zeitgen\u00f6ssischer Inspiration mischt. 2019-2020 sind Lese-Abende zusammen mit<a rel=\"noreferrer noopener\" href=\"http:\/\/www.tuncay-gary.de\/news.html\" target=\"_blank\">\u00a0Tuncay Gary<\/a>\u00a0im Programm mit Musik von Gabriel Faur\u00e9, Padre Soler, Ludwig van Beethoven oder Johann Sebastian Bach.<br><strong><br><\/strong>Als Begleiter und Continuist erkundet er das ganze Repertoire vom Barock bis zur zeitgen\u00f6ssischen Musik &#8211; am Cembalo, am Hammerfl\u00fcgel (Pianoforte) wie auch am Klavier. Mit dem Ensemble sinfonia di vetro (M\u00fcnchen) spielte er 1998-2001 s\u00e4mtliche Werke f\u00fcr Glasharmonika und Klavier bzw. Hammerfl\u00fcgel. F\u00fcr das Ensemble bearbeitete er auch zahlreiche Werke, u. a Bastien und Bastienne von Mozart.<br>Seit 1999 tritt er regelm\u00e4\u00dfig im Duett mit dem Glasharmonikaspieler\u00a0<a rel=\"noreferrer noopener\" href=\"https:\/\/www.glasharmonika.org\/\" target=\"_blank\">Bruno Kliegl<\/a>\u00a0(Augsburg) auf. Diese Arbeit an der Interpretation auf historischen Instrumenten f\u00fchrte ihn zu Konzerten und Tourneen nach Deutschland, \u00d6sterreich, in die Schweiz, nach Italien, Polen, Rum\u00e4nien und in die Vereinigten Staaten.<br><br>Lesen Sie mehr:<br><a rel=\"noreferrer noopener\" aria-label=\"http:\/\/www.vjp.berlin\/vjp\/vjp_d\/vjp_d.html (\u00f6ffnet in neuem Tab)\" href=\"http:\/\/www.vjp.berlin\/vjp\/vjp_d\/vjp_d.html\" target=\"_blank\">http:\/\/www.vjp.berlin\/vjp\/vjp_d\/vjp_d.html<\/a><\/td><\/tr><\/tbody><\/table><\/figure>\n\n<script>\nvar zbPregResult = '0';\n<\/script>\n","protected":false},"excerpt":{"rendered":"<p>vincent julien piot erhielt seine musikalische und pianistische Ausbildung an der Musikhochschule seiner Geburtsstadt Poitiers, bevor er seine musikalische Ausbildung im Bereich Kammermusik an der Hochschule der K\u00fcnste in Berlin (heute UdK) sowie bei den gro\u00dfartigen Musikp\u00e4dagogen Pierre Sancan, Tatiana &hellip; <a href=\"https:\/\/glasharmonika.org\/?page_id=92\">Weiterlesen <span class=\"meta-nav\">&rarr;<\/span><\/a><\/p>\n","protected":false},"author":1,"featured_media":0,"parent":0,"menu_order":0,"comment_status":"closed","ping_status":"closed","template":"","meta":{"footnotes":""},"class_list":["post-92","page","type-page","status-publish","hentry"],"_links":{"self":[{"href":"https:\/\/glasharmonika.org\/index.php?rest_route=\/wp\/v2\/pages\/92","targetHints":{"allow":["GET"]}}],"collection":[{"href":"https:\/\/glasharmonika.org\/index.php?rest_route=\/wp\/v2\/pages"}],"about":[{"href":"https:\/\/glasharmonika.org\/index.php?rest_route=\/wp\/v2\/types\/page"}],"author":[{"embeddable":true,"href":"https:\/\/glasharmonika.org\/index.php?rest_route=\/wp\/v2\/users\/1"}],"replies":[{"embeddable":true,"href":"https:\/\/glasharmonika.org\/index.php?rest_route=%2Fwp%2Fv2%2Fcomments&post=92"}],"version-history":[{"count":1,"href":"https:\/\/glasharmonika.org\/index.php?rest_route=\/wp\/v2\/pages\/92\/revisions"}],"predecessor-version":[{"id":93,"href":"https:\/\/glasharmonika.org\/index.php?rest_route=\/wp\/v2\/pages\/92\/revisions\/93"}],"wp:attachment":[{"href":"https:\/\/glasharmonika.org\/index.php?rest_route=%2Fwp%2Fv2%2Fmedia&parent=92"}],"curies":[{"name":"wp","href":"https:\/\/api.w.org\/{rel}","templated":true}]}}