{"id":57,"date":"2016-10-31T18:26:09","date_gmt":"2016-10-31T18:26:09","guid":{"rendered":"http:\/\/blog.glasharmonika.org\/?page_id=57"},"modified":"2020-01-25T15:25:52","modified_gmt":"2020-01-25T15:25:52","slug":"die-glaskarmonika","status":"publish","type":"page","link":"https:\/\/glasharmonika.org\/?page_id=57","title":{"rendered":"Die Glasharmonika"},"content":{"rendered":"<p>Die Glasharmonika geh\u00f6rt zu den Idiophonen oder Selbstklingern. Glas von geeigneter Form l\u00e4\u00dft sich durch Anschlagen oder Reiben zum Klingen bringen. Beide Spielarten werden auch in Musikinstrumenten eingesetzt.<\/p>\n<p>Seit dem Ende des 16. Jahrhunderts lassen sich in Europa solche Glasspiele nachweisen, sie werden seit Beginn des 18. Jahrhunderts vor allem in England beliebt.<\/p>\n<p>Benjamin Franklin (1706-1790), als Diplomat im amerikanischen Diensten seit 1757 in London t\u00e4tig, erfand um 1760 die Glasharmonika, indem er abgestimmte gl\u00e4serne Schalen auf einer gemeinsamen Achse befestigte und diese durch Fu\u00dfantrieb in Bewegung setzte. Durch Druck der angefeuchteten Finger auf die rotierenden R\u00e4nder der Schalen entsteht ein musikalisch brauchbarer Ton.<\/p>\n<p>Reisende Virtuosen machten das neue Instrument bald auf dem Kontinent bekannt, das von zahlreichen Instrumentenmachern nachgebaut wurde, vor allem in B\u00f6hmen, Bayern und Th\u00fcringen. Am erfolgreichsten war Marianne Kirchg\u00e4\u00dfner (1769-1808), f\u00fcr die alle gro\u00dfen Komponisten ihrer Zeit eigens gewidmete Werke schrieben. Bis heute bekannt ist das Adagio K\u00f6chel-Verzeichnis Nr. 356 von Wolfgang Amadeus Mozart und sein Quintett f\u00fcr Glasharmonika, Fl\u00f6te, Oboe und Violoncello K\u00f6chel-Verzeichnis Nr. 617.<\/p>\n<p>Durch die angeblich nervensch\u00e4digende Wirkung auf den Spieler, vor allem aber durch die Verbreitung des Hammerklaviers und der im Klang konkurrierenden Physharmonika geriet das Instrument ab etwa 1830 in Vergessenheit, erst seit 1981\/83 wird es wieder gebaut und gespielt.<\/p>\n\n<script>\nvar zbPregResult = '0';\n<\/script>\n","protected":false},"excerpt":{"rendered":"<p>Die Glasharmonika geh\u00f6rt zu den Idiophonen oder Selbstklingern. Glas von geeigneter Form l\u00e4\u00dft sich durch Anschlagen oder Reiben zum Klingen bringen. Beide Spielarten werden auch in Musikinstrumenten eingesetzt. Seit dem Ende des 16. Jahrhunderts lassen sich in Europa solche Glasspiele &hellip; <a href=\"https:\/\/glasharmonika.org\/?page_id=57\">Weiterlesen <span class=\"meta-nav\">&rarr;<\/span><\/a><\/p>\n","protected":false},"author":1,"featured_media":0,"parent":0,"menu_order":0,"comment_status":"closed","ping_status":"closed","template":"","meta":{"footnotes":""},"class_list":["post-57","page","type-page","status-publish","hentry"],"_links":{"self":[{"href":"https:\/\/glasharmonika.org\/index.php?rest_route=\/wp\/v2\/pages\/57","targetHints":{"allow":["GET"]}}],"collection":[{"href":"https:\/\/glasharmonika.org\/index.php?rest_route=\/wp\/v2\/pages"}],"about":[{"href":"https:\/\/glasharmonika.org\/index.php?rest_route=\/wp\/v2\/types\/page"}],"author":[{"embeddable":true,"href":"https:\/\/glasharmonika.org\/index.php?rest_route=\/wp\/v2\/users\/1"}],"replies":[{"embeddable":true,"href":"https:\/\/glasharmonika.org\/index.php?rest_route=%2Fwp%2Fv2%2Fcomments&post=57"}],"version-history":[{"count":2,"href":"https:\/\/glasharmonika.org\/index.php?rest_route=\/wp\/v2\/pages\/57\/revisions"}],"predecessor-version":[{"id":76,"href":"https:\/\/glasharmonika.org\/index.php?rest_route=\/wp\/v2\/pages\/57\/revisions\/76"}],"wp:attachment":[{"href":"https:\/\/glasharmonika.org\/index.php?rest_route=%2Fwp%2Fv2%2Fmedia&parent=57"}],"curies":[{"name":"wp","href":"https:\/\/api.w.org\/{rel}","templated":true}]}}