{"id":30,"date":"2016-10-31T17:36:32","date_gmt":"2016-10-31T17:36:32","guid":{"rendered":"http:\/\/blog.glasharmonika.org\/?page_id=30"},"modified":"2020-01-25T15:25:16","modified_gmt":"2020-01-25T15:25:16","slug":"bruno-kliegl","status":"publish","type":"page","link":"https:\/\/glasharmonika.org\/","title":{"rendered":"Bruno Kliegl"},"content":{"rendered":"<p>Bruno Kliegl ist einer der wenigen Glasharmonikaspieler Europas. Er studierte Musikwissenschaft, Philosophie und Germanistik an der Universit\u00e4t Augsburg.<\/p>\n<p>Seit 1995 tritt Bruno Kliegl als Glasinstrumentalist auf. Er spielt sowohl das historische Gl\u00e4serspiel (in England bekannt als Musical Glasses) und die ber\u00fchmte von Benjamin\u00a0Franklin um 1760 entwickelte Glasharmonika als auch das moderne Verrophon, das Sascha Reckert 1984 erfand.<\/p>\n<p>Bruno Kliegl widmet sich der Aufgabe, die Originalliteratur f\u00fcr Glasinstrumente wiederzubeleben und Werke anderer Epochen f\u00fcr Glas zu erschlie\u00dfen. Er unternimmt deshalb f\u00fcr seine Auftritte\u00a0 eingehende musik- und kulturhistorische Recherchen.<\/p>\n<p>Er arbeitet mit zeitgen\u00f6ssischen Komponisten und wirkte bei zahlreichen Urauff\u00fchrungen von Kompositionen f\u00fcr Glasinstrumente mit. Als Solist und Kammermusiker , in Konzerten oder als B\u00fchnenmusiker setzt er sich in verschiedenen L\u00e4ndern f\u00fcr die Glasinstrumente ein.<\/p>\n<p><b>Konzerte u. A. :<br \/>\n<\/b>Rotterdam, 2018<br \/>\nLudwigsluster Klassik, Ludwigslust, 2016<br \/>\nMuseum der vergessenen Kl\u00e4nge, Ateliers im Alten Schlachthof, Sigmaringen, 2016<br \/>\n\u201eLandschaft trifft Landschaft\u201c: Harry Meyer zu Gast bei Andreas Scholz\u201c,\u00a0 Schloss Ki\u00dflegg, 2016<br \/>\nSph\u00e4renkl\u00e4nge: Sommerkonzerte St Laurentius, Leutzsch (Leipzig), 2016<br \/>\nMozartfest, W\u00fcrzburg<br \/>\nMusikfestspiele Potsdam-Sanssouci<br \/>\nEurop\u00e4ische Glasmusikfestspiele Bayrischer Wald<br \/>\nNovalis Jahr 2001-2002 Halle a.d.S., Freiberg, Weissenfels, Oberwiederstedt<br \/>\nTh\u00fcringer Orgelsommer<\/p>\n<p><b>Weitere Auftritte f\u00fcr Musiktheater :<br \/>\n<\/b>Accademia Santa Cecilia Rom<br \/>\nFestival of Arts and Ideas New Haven<br \/>\nTeatro Maggio Musicale Florenz<br \/>\n&#8222;Expedition Mozart\u201c Staatliche Hochschule f\u00fcr Musik Stuttgart<br \/>\nSt\u00e4dtische Galerie Wangen: Harry Meyer-Ausstellungser\u00f6ffnung mit Glasharmonika<br \/>\n&#8222;Napoleon und Bayern\u201c Ingolstadt<br \/>\n&#8222;Vornehmste Tischlerarbeiten aus Leipzig&#8220; Grassi-Museum Leipzig<br \/>\nMeersburg Internationaler GTH-Kongress &#8222;Vom Magnetismus zur Psyche\u201c<br \/>\nGraz ring-award 2003 &#8222;hoffmann remixed&#8220;Ausstellung &#8222;Lichtgef\u00fcge\u201c Kassel<br \/>\nTanztheater in Bonn\/Bochum 1999\/2000 &#8222;Ikarus&#8220;<br \/>\nJakob-B\u00f6hme-Jubil\u00e4um G\u00f6rlitz 1999 &#8222;Das mystische Haus&#8220;<\/p>\n<p><b>Glasharmonikasolist:<\/b><br \/>\nin B. A. Zimmermanns Cellokonzert (Leipzig, Berlin)<br \/>\nin Richard Strauss&#8216; &#8222;Frau ohne Schatten&#8220; in Mailand, Essen, M\u00fcnchen, Dresden, Graz<\/p>\n\n<script>\nvar zbPregResult = '0';\n<\/script>\n","protected":false},"excerpt":{"rendered":"<p>Bruno Kliegl ist einer der wenigen Glasharmonikaspieler Europas. Er studierte Musikwissenschaft, Philosophie und Germanistik an der Universit\u00e4t Augsburg. Seit 1995 tritt Bruno Kliegl als Glasinstrumentalist auf. Er spielt sowohl das historische Gl\u00e4serspiel (in England bekannt als Musical Glasses) und die &hellip; <a href=\"https:\/\/glasharmonika.org\/\">Weiterlesen <span class=\"meta-nav\">&rarr;<\/span><\/a><\/p>\n","protected":false},"author":1,"featured_media":0,"parent":0,"menu_order":0,"comment_status":"closed","ping_status":"closed","template":"","meta":{"footnotes":""},"class_list":["post-30","page","type-page","status-publish","hentry"],"_links":{"self":[{"href":"https:\/\/glasharmonika.org\/index.php?rest_route=\/wp\/v2\/pages\/30","targetHints":{"allow":["GET"]}}],"collection":[{"href":"https:\/\/glasharmonika.org\/index.php?rest_route=\/wp\/v2\/pages"}],"about":[{"href":"https:\/\/glasharmonika.org\/index.php?rest_route=\/wp\/v2\/types\/page"}],"author":[{"embeddable":true,"href":"https:\/\/glasharmonika.org\/index.php?rest_route=\/wp\/v2\/users\/1"}],"replies":[{"embeddable":true,"href":"https:\/\/glasharmonika.org\/index.php?rest_route=%2Fwp%2Fv2%2Fcomments&post=30"}],"version-history":[{"count":3,"href":"https:\/\/glasharmonika.org\/index.php?rest_route=\/wp\/v2\/pages\/30\/revisions"}],"predecessor-version":[{"id":75,"href":"https:\/\/glasharmonika.org\/index.php?rest_route=\/wp\/v2\/pages\/30\/revisions\/75"}],"wp:attachment":[{"href":"https:\/\/glasharmonika.org\/index.php?rest_route=%2Fwp%2Fv2%2Fmedia&parent=30"}],"curies":[{"name":"wp","href":"https:\/\/api.w.org\/{rel}","templated":true}]}}